{"id":1311,"date":"2024-04-23T11:00:59","date_gmt":"2024-04-23T11:00:59","guid":{"rendered":"https:\/\/ergocraft.vamtam.com\/?post_type=product&#038;p=1311"},"modified":"2026-02-09T11:59:31","modified_gmt":"2026-02-09T11:59:31","slug":"accus-mpv-2600-mah-inr-18650-40a","status":"publish","type":"product","link":"https:\/\/hopeful-wescoff.212-227-176-221.plesk.page\/index.php\/product\/accus-mpv-2600-mah-inr-18650-40a\/","title":{"rendered":"ACCUS MPV \u2013 2600 MAH INR 18650 \u2013 40A"},"content":{"rendered":"\t\t<div data-elementor-type=\"product-post\" data-elementor-id=\"1311\" class=\"elementor elementor-1311\" data-elementor-post-type=\"product\">\n\t\t\t\t<div class=\"elementor-element elementor-element-4ae438dc e-flex e-con-boxed e-con e-parent\" data-id=\"4ae438dc\" data-element_type=\"container\" data-e-type=\"container\">\n\t\t\t\t\t<div class=\"e-con-inner\">\n\t\t\t\t<div class=\"vamtam-has-theme-widget-styles elementor-element elementor-element-10da03e5 elementor-widget elementor-widget-text-editor\" data-id=\"10da03e5\" data-element_type=\"widget\" data-e-type=\"widget\" data-widget_type=\"text-editor.default\">\n\t\t\t\t<div class=\"elementor-widget-container\">\n\t\t\t\t\t\t\t\t\t<p>Apr\u00e8s avoir conquis les vapoteurs les plus exigeants avec ses chargeurs, MPV revient \u00e0 la charge \u00e0 l\u2019accu 18650 2600 mah.<\/p><p>Tr\u00e8s s\u00fbr et id\u00e9al pour les mods m\u00e9caniques, l\u2019accu de MPV affiche un courant de d\u00e9charge continu de 20A et un courant de d\u00e9charge maximum de 40A : les utilisateurs chevronn\u00e9s sont assur\u00e9s de d\u00e9tenir un accumulateur de haut vol.<\/p>\t\t\t\t\t\t\t\t<\/div>\n\t\t\t\t<\/div>\n\t\t\t\t\t<\/div>\n\t\t\t\t<\/div>\n\t\t\t\t<\/div>\n\t\t","protected":false},"excerpt":{"rendered":"<p>Apr\u00e8s avoir conquis les vapoteurs les plus exigeants avec ses chargeurs, MPV revient \u00e0 la charge \u00e0 l\u2019accu 18650 2600 mah.Tr\u00e8s s\u00fbr et id\u00e9al pour les mods m\u00e9caniques, l\u2019accu de MPV affiche un courant de d\u00e9charge continu de 20A et un courant de d\u00e9charge maximum de 40A : les utilisateurs chevronn\u00e9s sont assur\u00e9s de d\u00e9tenir un accumulateur de haut vol.Puissance recommand\u00e9e 50\/70 sur une box simple accu ou 100\/140 sur une double accus.<\/p>\n<p>Puissance max jusqu\u2019au maximum des simples ou double accus soit g\u00e9n\u00e9ralement 100 \u00e0 200W<\/p>\n<p>Avec cet accu INR 18650 2600 mah, le fabricant MPV permet \u00e0 tous les utilisateurs de cigarettes \u00e9lectroniques de disposer d\u2019un accumulateur 18650 aussi fiable que performant. MPV donne l\u2019opportunit\u00e9 \u00e0 tous les aficionados d\u2019ecigarette de s\u2019\u00e9quiper du meilleur de la vape \u00e0 un prix d\u00e9fiant toute concurrence !<\/p>\n<p>Cet accu poss\u00e8de un p\u00f4le positif \u00ab\u00a0plat\u00a0\u00bb.<\/p>\n<p>danger<\/p>\n<p>Mal utilis\u00e9 et sans protection un accu peut s\u2019av\u00e9rer dangereux.<\/p>\n<p>Votre s\u00e9curit\u00e9 est notre principale priorit\u00e9.Merci de lire les conseils d\u2019utilisation ci-dessous.<\/p>\n","protected":false},"featured_media":987674,"comment_status":"closed","ping_status":"closed","template":"","meta":[],"product_brand":[],"product_cat":[43,121,57,69,126,74,130,105,111,117],"product_tag":[],"class_list":{"0":"post-1311","1":"product","2":"type-product","3":"status-publish","4":"has-post-thumbnail","6":"product_cat-bedroom","7":"product_cat-chairs-single-brand","8":"product_cat-dining-room","9":"product_cat-home-decor","10":"product_cat-lamps-single-brand","11":"product_cat-living-room","12":"product_cat-shelving","13":"product_cat-storage-single-brand","14":"product_cat-upholstered-beds","15":"product_cat-work","16":"pa_brand-mpv","18":"first","19":"instock","20":"shipping-taxable","21":"purchasable","22":"product-type-simple"},"_links":{"self":[{"href":"https:\/\/hopeful-wescoff.212-227-176-221.plesk.page\/index.php\/wp-json\/wp\/v2\/product\/1311","targetHints":{"allow":["GET"]}}],"collection":[{"href":"https:\/\/hopeful-wescoff.212-227-176-221.plesk.page\/index.php\/wp-json\/wp\/v2\/product"}],"about":[{"href":"https:\/\/hopeful-wescoff.212-227-176-221.plesk.page\/index.php\/wp-json\/wp\/v2\/types\/product"}],"replies":[{"embeddable":true,"href":"https:\/\/hopeful-wescoff.212-227-176-221.plesk.page\/index.php\/wp-json\/wp\/v2\/comments?post=1311"}],"version-history":[{"count":8,"href":"https:\/\/hopeful-wescoff.212-227-176-221.plesk.page\/index.php\/wp-json\/wp\/v2\/product\/1311\/revisions"}],"predecessor-version":[{"id":987685,"href":"https:\/\/hopeful-wescoff.212-227-176-221.plesk.page\/index.php\/wp-json\/wp\/v2\/product\/1311\/revisions\/987685"}],"wp:featuredmedia":[{"embeddable":true,"href":"https:\/\/hopeful-wescoff.212-227-176-221.plesk.page\/index.php\/wp-json\/wp\/v2\/media\/987674"}],"wp:attachment":[{"href":"https:\/\/hopeful-wescoff.212-227-176-221.plesk.page\/index.php\/wp-json\/wp\/v2\/media?parent=1311"}],"wp:term":[{"taxonomy":"product_brand","embeddable":true,"href":"https:\/\/hopeful-wescoff.212-227-176-221.plesk.page\/index.php\/wp-json\/wp\/v2\/product_brand?post=1311"},{"taxonomy":"product_cat","embeddable":true,"href":"https:\/\/hopeful-wescoff.212-227-176-221.plesk.page\/index.php\/wp-json\/wp\/v2\/product_cat?post=1311"},{"taxonomy":"product_tag","embeddable":true,"href":"https:\/\/hopeful-wescoff.212-227-176-221.plesk.page\/index.php\/wp-json\/wp\/v2\/product_tag?post=1311"}],"curies":[{"name":"wp","href":"https:\/\/api.w.org\/{rel}","templated":true}]}}